{"id":46,"date":"2023-07-07T13:16:54","date_gmt":"2023-07-07T11:16:54","guid":{"rendered":"https:\/\/banov.fara.sk\/cms\/?page_id=46"},"modified":"2023-07-08T14:50:46","modified_gmt":"2023-07-08T12:50:46","slug":"informacie","status":"publish","type":"page","link":"https:\/\/banov.fara.sk\/cms\/informacie\/","title":{"rendered":"Inform\u00e1cie"},"content":{"rendered":"\n<ul>\n<li><a href=\"https:\/\/banov.fara.sk\/cms\/prikazane-sviatky\/\">Prik\u00e1zan\u00e9 sviatky<\/a><\/li>\n\n\n\n<li><a href=\"https:\/\/banov.fara.sk\/cms\/desatoro-bozich-prikazani\/\">Desatoro Bo\u017e\u00edch prik\u00e1zan\u00ed<\/a><\/li>\n\n\n\n<li><a href=\"https:\/\/banov.fara.sk\/cms\/smernice\/\">Smernice<\/a><\/li>\n\n\n\n<li><a href=\"https:\/\/www.banov.sk\/pre-obcanov\/parte-1\/\">PARTE<\/a><\/li>\n\n\n\n<li><a href=\"https:\/\/gdpr.kbs.sk\/\">GDPR<\/a><\/li>\n<\/ul>\n","protected":false},"excerpt":{"rendered":"","protected":false},"author":1,"featured_media":0,"parent":0,"menu_order":0,"comment_status":"closed","ping_status":"closed","template":"","meta":{"ngg_post_thumbnail":0,"footnotes":""},"_links":{"self":[{"href":"https:\/\/banov.fara.sk\/cms\/wp-json\/wp\/v2\/pages\/46"}],"collection":[{"href":"https:\/\/banov.fara.sk\/cms\/wp-json\/wp\/v2\/pages"}],"about":[{"href":"https:\/\/banov.fara.sk\/cms\/wp-json\/wp\/v2\/types\/page"}],"author":[{"embeddable":true,"href":"https:\/\/banov.fara.sk\/cms\/wp-json\/wp\/v2\/users\/1"}],"replies":[{"embeddable":true,"href":"https:\/\/banov.fara.sk\/cms\/wp-json\/wp\/v2\/comments?post=46"}],"version-history":[{"count":3,"href":"https:\/\/banov.fara.sk\/cms\/wp-json\/wp\/v2\/pages\/46\/revisions"}],"predecessor-version":[{"id":195,"href":"https:\/\/banov.fara.sk\/cms\/wp-json\/wp\/v2\/pages\/46\/revisions\/195"}],"wp:attachment":[{"href":"https:\/\/banov.fara.sk\/cms\/wp-json\/wp\/v2\/media?parent=46"}],"curies":[{"name":"wp","href":"https:\/\/api.w.org\/{rel}","templated":true}]}}