{"id":44,"date":"2023-07-07T13:16:54","date_gmt":"2023-07-07T11:16:54","guid":{"rendered":"https:\/\/banov.fara.sk\/cms\/?page_id=44"},"modified":"2023-07-07T15:00:29","modified_gmt":"2023-07-07T13:00:29","slug":"o-farnosti","status":"publish","type":"page","link":"https:\/\/banov.fara.sk\/cms\/o-farnosti\/","title":{"rendered":"O farnosti"},"content":{"rendered":"\n<div class=\"wp-block-query is-layout-flow wp-block-query-is-layout-flow\"><ul class=\"wp-block-post-template is-layout-flow wp-block-post-template-is-layout-flow\"><li class=\"wp-block-post post-86 post type-post status-publish format-standard hentry category-o-farnosti no-post-thumbnail\">\n<h2 class=\"wp-block-post-title\"><a href=\"https:\/\/banov.fara.sk\/cms\/2023\/07\/07\/historia-farnosti\/\" target=\"_self\" >Hist\u00f3ria farnosti<\/a><\/h2>\n\n<div class=\"wp-block-post-excerpt\"><p class=\"wp-block-post-excerpt__excerpt\">Farnos\u0165 B\u00e1nkeszi vznikla v&nbsp;roku 1787. Vo farnosti bol kostol zasv\u00e4ten\u00fd sv. Michalovi. Kostol st\u00e1l na dne\u0161nom starom cintor\u00edne v&nbsp;miestach, kde dnes stoj\u00ed kr\u00ed\u017e. Mal kamenn\u00e9 z\u00e1klady, tehlov\u00e9 steny a&nbsp;dreven\u00fa, \u0161ind\u013eov\u00fa strechu. Po\u010das tureck\u00fdch vojen bol&#8230; <\/p><\/div>\n<\/li><li class=\"wp-block-post post-89 post type-post status-publish format-standard hentry category-o-farnosti no-post-thumbnail\">\n<h2 class=\"wp-block-post-title\"><a href=\"https:\/\/banov.fara.sk\/cms\/2023\/07\/07\/sv-michal-archanjel-nas-patron\/\" target=\"_self\" >Sv. Michal archanjel &#8211; n\u00e1\u0161 patr\u00f3n<\/a><\/h2>\n\n<div class=\"wp-block-post-excerpt\"><p class=\"wp-block-post-excerpt__excerpt\">Sv. Michal je jedn\u00fdm z hlavn\u00fdch anjelov. Preklad jeho mena je vlastne bojov\u00fd v\u00fdkrik dobr\u00fdch anjelov v boji na nebi proti Zl\u00e9mu a jeho anjelmi. Meno sv. Michala sa nieko\u013eko kr\u00e1t spom\u00edna v Biblii. Prv\u00fdkr\u00e1t&#8230; <\/p><\/div>\n<\/li><li class=\"wp-block-post post-91 post type-post status-publish format-standard hentry category-o-farnosti no-post-thumbnail\">\n<h2 class=\"wp-block-post-title\"><a href=\"https:\/\/banov.fara.sk\/cms\/2023\/07\/07\/erb-farnosti\/\" target=\"_self\" >Erb farnosti<\/a><\/h2>\n\n<div class=\"wp-block-post-excerpt\"><p class=\"wp-block-post-excerpt__excerpt\">Vysvetlenie v\u00fdznamu jednotliv\u00fdch prvkov erbu V&nbsp;pravej zlatej \u010dasti hornej \u010dasti \u0161t\u00edtu sa nach\u00e1dzaj\u00fa symboly z&nbsp;erbu Novoz\u00e1mock\u00e9ho archidiakon\u00e1tu. V&nbsp;\u013eavej zelenej polovici s\u00fa umiestnen\u00e9 symboly z&nbsp;erbu Dekan\u00e1tu \u0160urany. V\u00e1hy v&nbsp;dolnej \u010dasti \u0161t\u00edtu symbolizuj\u00fa sv. Michala Archanjela, patr\u00f3na&#8230; <\/p><\/div>\n<\/li><li class=\"wp-block-post post-93 post type-post status-publish format-standard hentry category-o-farnosti no-post-thumbnail\">\n<h2 class=\"wp-block-post-title\"><a href=\"https:\/\/banov.fara.sk\/cms\/2023\/07\/07\/knazi-ktori-posobili-v-banove-od-r-1787\/\" target=\"_self\" >K\u0148azi, ktor\u00ed p\u00f4sobili v B\u00e1nove od r. 1787<\/a><\/h2>\n\n<div class=\"wp-block-post-excerpt\"><p class=\"wp-block-post-excerpt__excerpt\">1792 &#8211; Michal L\u00e1nyi 28. septembra&nbsp; 1792 bol ustanoven\u00fd za far\u00e1ra v&nbsp;B\u00e1nove. 1. febru\u00e1ra bol ustanoven\u00fd za far\u00e1ra do Pal\u00e1rikova, kde 5. j\u00fala 1806 umrel. 1794 &#8211; Pavol Sztach\u00f3 Menovan\u00fd za far\u00e1ra v B\u00e1nove bol&#8230; <\/p><\/div>\n<\/li><\/ul>\n\n\n\n<\/div>\n","protected":false},"excerpt":{"rendered":"","protected":false},"author":1,"featured_media":0,"parent":0,"menu_order":0,"comment_status":"closed","ping_status":"closed","template":"","meta":{"ngg_post_thumbnail":0,"footnotes":""},"_links":{"self":[{"href":"https:\/\/banov.fara.sk\/cms\/wp-json\/wp\/v2\/pages\/44"}],"collection":[{"href":"https:\/\/banov.fara.sk\/cms\/wp-json\/wp\/v2\/pages"}],"about":[{"href":"https:\/\/banov.fara.sk\/cms\/wp-json\/wp\/v2\/types\/page"}],"author":[{"embeddable":true,"href":"https:\/\/banov.fara.sk\/cms\/wp-json\/wp\/v2\/users\/1"}],"replies":[{"embeddable":true,"href":"https:\/\/banov.fara.sk\/cms\/wp-json\/wp\/v2\/comments?post=44"}],"version-history":[{"count":4,"href":"https:\/\/banov.fara.sk\/cms\/wp-json\/wp\/v2\/pages\/44\/revisions"}],"predecessor-version":[{"id":101,"href":"https:\/\/banov.fara.sk\/cms\/wp-json\/wp\/v2\/pages\/44\/revisions\/101"}],"wp:attachment":[{"href":"https:\/\/banov.fara.sk\/cms\/wp-json\/wp\/v2\/media?parent=44"}],"curies":[{"name":"wp","href":"https:\/\/api.w.org\/{rel}","templated":true}]}}