{"id":43,"date":"2023-07-07T13:16:54","date_gmt":"2023-07-07T11:16:54","guid":{"rendered":"https:\/\/banov.fara.sk\/cms\/?page_id=43"},"modified":"2026-04-01T09:50:18","modified_gmt":"2026-04-01T07:50:18","slug":"rozpis-lektorov","status":"publish","type":"page","link":"https:\/\/banov.fara.sk\/cms\/rozpis-lektorov\/","title":{"rendered":"Rozpis lektorov"},"content":{"rendered":"\n<p><\/p>\n\n\n\n<p><strong>(<em>V pr\u00edpade, \u017ee lektorovi dan\u00fd d\u00e1tum nevyhovuje, m\u00f4\u017ee si ho vymeni\u0165 alebo n\u00e1js\u0165 za seba n\u00e1hradu.<\/em>)<\/strong><\/p>\n\n\n\n<figure class=\"wp-block-table\"><table><tbody><tr><td>&nbsp;<\/td><td>&nbsp;<\/td><td>\n<p><strong>apr\u00edl 2026<\/strong><\/p>\n<\/td><\/tr><tr><td>\n<p>1<\/p>\n<\/td><td>\n<p>Str<\/p>\n<\/td><td>\n<p>Ane\u017eka Ivanov\u00e1<\/p>\n<\/td><\/tr><tr><td>\n<p>2<\/p>\n<\/td><td>\n<p>\u0160tv<\/p>\n<\/td><td>\n<p>man\u017e. Chl\u00fastikov\u00ed<\/p>\n<\/td><\/tr><tr><td>\n<p>3<\/p>\n<\/td><td>\n<p>Pi<\/p>\n<\/td><td>\n<p>Barbora Zahor\u00e1kov\u00e1, Tom\u00e1\u0161 \u0160imunek<\/p>\n<\/td><\/tr><tr><td>\n<p>4<\/p>\n<\/td><td>\n<p>So<\/p>\n<\/td><td>\n<p>man\u017e. Kraj\u010d\u00edrov\u00ed a Milo\u0161 Ryb\u00e1r<\/p>\n<\/td><\/tr><tr><td>\n<p><strong>5<\/strong><\/p>\n<\/td><td>\n<p><strong>Ne<\/strong><\/p>\n<\/td><td>\n<p><strong> A\/ \u010d\u00edta si rodina<br>B\/ \u010d\u00edta si rodina<\/strong><\/p>\n<\/td><\/tr><tr><td>\n<p>6<\/p>\n<\/td><td>\n<p>Po<\/p>\n<\/td><td>\n<p>Mari\u00e1n Pa\u0161ka<\/p>\n<\/td><\/tr><tr><td>\n<p>7<\/p>\n<\/td><td>\n<p>Ut<\/p>\n<\/td><td>\n<p>xxxxx<\/p>\n<\/td><\/tr><tr><td>\n<p>8<\/p>\n<\/td><td>\n<p>Str<\/p>\n<\/td><td>\n<p>Pavla \u0160imunekov\u00e1<\/p>\n<\/td><\/tr><tr><td>\n<p>9<\/p>\n<\/td><td>\n<p>\u0160tv<\/p>\n<\/td><td>\n<p>Ladislav \u0160imunek<\/p>\n<\/td><\/tr><tr><td>\n<p>10<\/p>\n<\/td><td>\n<p>Pi<\/p>\n<\/td><td>\n<p>Ane\u017eka \u0160imunekov\u00e1<\/p>\n<\/td><\/tr><tr><td>\n<p>11<\/p>\n<\/td><td>\n<p>So<\/p>\n<\/td><td>\n<p>Ivan \u010cern\u00fd<\/p>\n<\/td><\/tr><tr><td>\n<p><strong>12<\/strong><\/p>\n<\/td><td>\n<p><strong>Ne<\/strong><\/p>\n<\/td><td>\n<p><strong> A\/ \u010d\u00edta si rodina<br>B\/ man\u017e. N\u00e1vojsk\u00ed<\/strong><\/p>\n<\/td><\/tr><tr><td>\n<p>13<\/p>\n<\/td><td>\n<p>Po<\/p>\n<\/td><td>\n<p>xxxxx<\/p>\n<\/td><\/tr><tr><td>\n<p>14<\/p>\n<\/td><td>\n<p>Ut<\/p>\n<\/td><td>\n<p>Regina Rosivalov\u00e1<\/p>\n<\/td><\/tr><tr><td>\n<p>15<\/p>\n<\/td><td>\n<p>Str<\/p>\n<\/td><td>\n<p>J\u00falia Mr\u00e1zov\u00e1<\/p>\n<\/td><\/tr><tr><td>\n<p>16<\/p>\n<\/td><td>\n<p>\u0160tv<\/p>\n<\/td><td>\n<p>Margita Cvikov\u00e1<\/p>\n<\/td><\/tr><tr><td>\n<p>17<\/p>\n<\/td><td>\n<p>Pi<\/p>\n<\/td><td>\n<p>Lucia Blahov\u00e1<\/p>\n<\/td><\/tr><tr><td>\n<p>18<\/p>\n<\/td><td>\n<p>So<\/p>\n<\/td><td>\n<p>Helena Holubcov\u00e1<\/p>\n<\/td><\/tr><tr><td>\n<p><strong>19<\/strong><\/p>\n<\/td><td>\n<p><strong>Ne<\/strong><\/p>\n<\/td><td>\n<p><strong> A\/ So\u0148a Klobu\u010dn\u00edkov\u00e1, Juraj \u0160imunek<br>B\/ Tade\u00e1\u0161 \u0160imunek, Bernadeta \u0160imunkov\u00e1<\/strong><\/p>\n<\/td><\/tr><tr><td>\n<p>20<\/p>\n<\/td><td>\n<p>Po<\/p>\n<\/td><td>\n<p>xxxxx<\/p>\n<\/td><\/tr><tr><td>\n<p>21<\/p>\n<\/td><td>\n<p>Ut<\/p>\n<\/td><td>\n<p>xxxxx<\/p>\n<\/td><\/tr><tr><td>\n<p>22<\/p>\n<\/td><td>\n<p>Str<\/p>\n<\/td><td>\n<p>Viera Zele\u0148\u00e1kov\u00e1<\/p>\n<\/td><\/tr><tr><td>\n<p>23<\/p>\n<\/td><td>\n<p>\u0160tv<\/p>\n<\/td><td>\n<p>xxxxx<\/p>\n<\/td><\/tr><tr><td>\n<p>24<\/p>\n<\/td><td>\n<p>Pi<\/p>\n<\/td><td>\n<p>Zdenka Pol\u00e1kov\u00e1<\/p>\n<\/td><\/tr><tr><td>\n<p>25<\/p>\n<\/td><td>\n<p>So<\/p>\n<\/td><td>\n<p>Viera Poro\u010d\u00e1kov\u00e1<\/p>\n<\/td><\/tr><tr><td>\n<p><strong>26<\/strong><\/p>\n<\/td><td>\n<p><strong>Ne<\/strong><\/p>\n<\/td><td>\n<p><strong> A\/ Patr\u00edcia Zaj\u00ed\u010dkov\u00e1, Lucia \u0160\u010devl\u00edkov\u00e1<br>B\/ Milo\u0161 Ryb\u00e1r, So\u0148a Kleinov\u00e1 <\/strong><\/p>\n<\/td><\/tr><tr><td>\n<p>27<\/p>\n<\/td><td>\n<p>Po<\/p>\n<\/td><td>\n<p>xxxxx<\/p>\n<\/td><\/tr><tr><td>\n<p>28<\/p>\n<\/td><td>\n<p>Ut<\/p>\n<\/td><td>\n<p>Helena Ohr\u00e1dkov\u00e1<\/p>\n<\/td><\/tr><tr><td>\n<p>29<\/p>\n<\/td><td>\n<p>Str<\/p>\n<\/td><td>\n<p>Em\u00edlia Maz\u00fachov\u00e1<\/p>\n<\/td><\/tr><tr><td>\n<p>30<\/p>\n<\/td><td>\n<p>\u0160tv<\/p>\n<\/td><td>\n<p>Em\u00edlia \u010celkov\u00e1<\/p>\n<\/td><\/tr><\/tbody><\/table><\/figure>\n","protected":false},"excerpt":{"rendered":"<p>(V pr\u00edpade, \u017ee lektorovi dan\u00fd d\u00e1tum nevyhovuje, m\u00f4\u017ee si ho vymeni\u0165 alebo n\u00e1js\u0165 za seba n\u00e1hradu.) &nbsp; &nbsp; apr\u00edl 2026 1 Str Ane\u017eka Ivanov\u00e1 2 \u0160tv man\u017e. Chl\u00fastikov\u00ed 3 Pi Barbora Zahor\u00e1kov\u00e1, Tom\u00e1\u0161 \u0160imunek 4<span class=\"more-dots\">&#8230;<\/span><\/p>\n","protected":false},"author":1,"featured_media":0,"parent":0,"menu_order":0,"comment_status":"closed","ping_status":"closed","template":"","meta":{"ngg_post_thumbnail":0,"footnotes":""},"_links":{"self":[{"href":"https:\/\/banov.fara.sk\/cms\/wp-json\/wp\/v2\/pages\/43"}],"collection":[{"href":"https:\/\/banov.fara.sk\/cms\/wp-json\/wp\/v2\/pages"}],"about":[{"href":"https:\/\/banov.fara.sk\/cms\/wp-json\/wp\/v2\/types\/page"}],"author":[{"embeddable":true,"href":"https:\/\/banov.fara.sk\/cms\/wp-json\/wp\/v2\/users\/1"}],"replies":[{"embeddable":true,"href":"https:\/\/banov.fara.sk\/cms\/wp-json\/wp\/v2\/comments?post=43"}],"version-history":[{"count":40,"href":"https:\/\/banov.fara.sk\/cms\/wp-json\/wp\/v2\/pages\/43\/revisions"}],"predecessor-version":[{"id":1346,"href":"https:\/\/banov.fara.sk\/cms\/wp-json\/wp\/v2\/pages\/43\/revisions\/1346"}],"wp:attachment":[{"href":"https:\/\/banov.fara.sk\/cms\/wp-json\/wp\/v2\/media?parent=43"}],"curies":[{"name":"wp","href":"https:\/\/api.w.org\/{rel}","templated":true}]}}